{"id":101,"date":"2019-05-06T10:11:08","date_gmt":"2019-05-06T13:11:08","guid":{"rendered":"https:\/\/uniandrade.br\/seminario\/?page_id=101"},"modified":"2022-07-01T10:18:41","modified_gmt":"2022-07-01T13:18:41","slug":"seminario-de-pesquisa","status":"publish","type":"page","link":"https:\/\/uniandrade.br\/seminario\/seminario-de-pesquisa\/","title":{"rendered":"XIV Semin\u00e1rio de pesquisa"},"content":{"rendered":"\t\t<div data-elementor-type=\"wp-post\" data-elementor-id=\"101\" class=\"elementor elementor-101\" data-elementor-post-type=\"page\">\n\t\t\t\t\t\t<section class=\"elementor-section elementor-top-section elementor-element elementor-element-f4d548b elementor-section-boxed elementor-section-height-default elementor-section-height-default\" data-id=\"f4d548b\" data-element_type=\"section\" data-settings=\"{&quot;background_background&quot;:&quot;classic&quot;}\">\n\t\t\t\t\t\t<div class=\"elementor-container elementor-column-gap-default\">\n\t\t\t\t\t<div class=\"elementor-column elementor-col-100 elementor-top-column elementor-element elementor-element-8ae7622\" data-id=\"8ae7622\" data-element_type=\"column\">\n\t\t\t<div class=\"elementor-widget-wrap elementor-element-populated\">\n\t\t\t\t\t\t<div class=\"elementor-element elementor-element-3a8c6da elementor-align-center elementor-widget__width-auto elementor-widget elementor-widget-button\" data-id=\"3a8c6da\" data-element_type=\"widget\" data-widget_type=\"button.default\">\n\t\t\t\t<div class=\"elementor-widget-container\">\n\t\t\t\t\t<div class=\"elementor-button-wrapper\">\n\t\t\t<a class=\"elementor-button elementor-button-link elementor-size-sm\" href=\"https:\/\/uniandrade.br\/seminario\/encontro-internacional\/\">\n\t\t\t\t\t\t<span class=\"elementor-button-content-wrapper\">\n\t\t\t\t\t\t\t\t\t<span class=\"elementor-button-text\">IV ENCONTRO INTERNACIONAL<\/span>\n\t\t\t\t\t<\/span>\n\t\t\t\t\t<\/a>\n\t\t<\/div>\n\t\t\t\t<\/div>\n\t\t\t\t<\/div>\n\t\t\t\t<div class=\"elementor-element elementor-element-ffdc663 elementor-align-center elementor-widget__width-auto elementor-widget elementor-widget-button\" data-id=\"ffdc663\" data-element_type=\"widget\" data-widget_type=\"button.default\">\n\t\t\t\t<div class=\"elementor-widget-container\">\n\t\t\t\t\t<div class=\"elementor-button-wrapper\">\n\t\t\t<a class=\"elementor-button elementor-button-link elementor-size-sm\" href=\"https:\/\/uniandrade.br\/seminario\/seminario-de-pesquisa\/\">\n\t\t\t\t\t\t<span class=\"elementor-button-content-wrapper\">\n\t\t\t\t\t\t\t\t\t<span class=\"elementor-button-text\">XIV SEMIN\u00c1RIO DE PESQUISA<\/span>\n\t\t\t\t\t<\/span>\n\t\t\t\t\t<\/a>\n\t\t<\/div>\n\t\t\t\t<\/div>\n\t\t\t\t<\/div>\n\t\t\t\t\t<\/div>\n\t\t<\/div>\n\t\t\t\t\t<\/div>\n\t\t<\/section>\n\t\t\t\t<section class=\"elementor-section elementor-top-section elementor-element elementor-element-0da72e9 elementor-section-height-min-height elementor-section-boxed elementor-section-height-default elementor-section-items-middle\" data-id=\"0da72e9\" data-element_type=\"section\" data-settings=\"{&quot;background_background&quot;:&quot;classic&quot;}\">\n\t\t\t\t\t\t<div class=\"elementor-container elementor-column-gap-default\">\n\t\t\t\t\t<div class=\"elementor-column elementor-col-100 elementor-top-column elementor-element elementor-element-13a2de0\" data-id=\"13a2de0\" data-element_type=\"column\">\n\t\t\t<div class=\"elementor-widget-wrap elementor-element-populated\">\n\t\t\t\t\t\t<div class=\"elementor-element elementor-element-bb2035c elementor-widget elementor-widget-heading\" data-id=\"bb2035c\" data-element_type=\"widget\" data-widget_type=\"heading.default\">\n\t\t\t\t<div class=\"elementor-widget-container\">\n\t\t\t<h1 class=\"elementor-heading-title elementor-size-default\">XIV Semin\u00e1rio de pesquisa<\/h1>\t\t<\/div>\n\t\t\t\t<\/div>\n\t\t\t\t\t<\/div>\n\t\t<\/div>\n\t\t\t\t\t<\/div>\n\t\t<\/section>\n\t\t\t\t<section class=\"elementor-section elementor-top-section elementor-element elementor-element-25866ce elementor-section-boxed elementor-section-height-default elementor-section-height-default\" data-id=\"25866ce\" data-element_type=\"section\">\n\t\t\t\t\t\t<div class=\"elementor-container elementor-column-gap-narrow\">\n\t\t\t\t\t<div class=\"elementor-column elementor-col-100 elementor-top-column elementor-element elementor-element-7bd92f6\" data-id=\"7bd92f6\" data-element_type=\"column\">\n\t\t\t<div class=\"elementor-widget-wrap elementor-element-populated\">\n\t\t\t\t\t\t<div class=\"elementor-element elementor-element-42e2f7b elementor-widget elementor-widget-text-editor\" data-id=\"42e2f7b\" data-element_type=\"widget\" data-widget_type=\"text-editor.default\">\n\t\t\t\t<div class=\"elementor-widget-container\">\n\t\t\t\t\t\t\t<p>O <b>XIV SEMIN\u00c1RIO DE PESQUISA e IV ENCONTRO INTERNACIONAL<\/b> s\u00e3o promo\u00e7\u00f5es do <b>Programa de P\u00f3s-Gradua\u00e7\u00e3o em Teoria Liter\u00e1ria do Centro Universit\u00e1rio Campos de Andrade \u2013 UNIANDRADE<\/b>.<\/p>\n<p>O evento ser\u00e1 realizado em l\u00edngua portuguesa e contar\u00e1 com palestras, mesas-redondas, simp\u00f3sios, sess\u00f5es de comunica\u00e7\u00f5es coordenadas e individuais e oficinas a\u00a0<span style=\"font-weight: var( --e-global-typography-text-font-weight );\">serem realizadas entre os <\/span><b>dias 03 e 06 de outubro de 2022<\/b><span style=\"font-weight: var( --e-global-typography-text-font-weight );\">. As apresenta\u00e7\u00f5es de\u00a0<\/span><span style=\"font-weight: var( --e-global-typography-text-font-weight );\">trabalhos est\u00e3o abertas \u00e0 participa\u00e7\u00e3o de professores, doutores, mestres, alunos de\u00a0<\/span><span style=\"font-weight: var( --e-global-typography-text-font-weight );\">gradua\u00e7\u00e3o e p\u00f3s-gradua\u00e7\u00e3o da <\/span><b>UNIANDRADE<\/b><span style=\"font-weight: var( --e-global-typography-text-font-weight );\"> e outras IES, al\u00e9m de professores e alunos\u00a0<\/span><span style=\"font-weight: var( --e-global-typography-text-font-weight );\">da educa\u00e7\u00e3o b\u00e1sica. O evento ser\u00e1 realizado virtualmente em plataformas ainda a serem\u00a0<\/span><span style=\"font-weight: var( --e-global-typography-text-font-weight );\">determinadas pela comiss\u00e3o organizadora. <span style=\"font-weight: 400;\">O tema central ser\u00e1 <\/span><span style=\"font-weight: 400;\">\u201c<\/span><b>O futuro da teoria liter\u00e1ria no cen\u00e1rio p\u00f3s-pandemia: desafios, reflex\u00f5es, problematiza\u00e7\u00f5es<\/b><span style=\"font-weight: 400;\">&#8221;<\/span><\/span><span style=\"font-weight: var( --e-global-typography-text-font-weight );\">\u00a0Os autores\u00a0<\/span><span style=\"font-weight: var( --e-global-typography-text-font-weight );\">homenageados ser\u00e3o: Lars <span style=\"font-weight: 400;\">Ellestr\u00f6m<\/span> (1960-2021), James Joyce, em virtude <\/span><span style=\"font-weight: var( --e-global-typography-text-font-weight );\">do centen\u00e1rio de <span style=\"font-weight: 400;\">publica\u00e7\u00e3o de<\/span> Ulysses (1922), e Lygia Fagundes Telles (1918-2022).<\/span><\/p>\t\t\t\t\t\t<\/div>\n\t\t\t\t<\/div>\n\t\t\t\t<div class=\"elementor-element elementor-element-7b92c11 elementor-widget-divider--view-line elementor-widget elementor-widget-divider\" data-id=\"7b92c11\" data-element_type=\"widget\" data-widget_type=\"divider.default\">\n\t\t\t\t<div class=\"elementor-widget-container\">\n\t\t\t\t\t<div class=\"elementor-divider\">\n\t\t\t<span class=\"elementor-divider-separator\">\n\t\t\t\t\t\t<\/span>\n\t\t<\/div>\n\t\t\t\t<\/div>\n\t\t\t\t<\/div>\n\t\t\t\t<div class=\"elementor-element elementor-element-cf2ae93 elementor-widget elementor-widget-heading\" data-id=\"cf2ae93\" data-element_type=\"widget\" data-widget_type=\"heading.default\">\n\t\t\t\t<div class=\"elementor-widget-container\">\n\t\t\t<h3 class=\"elementor-heading-title elementor-size-default\">ATEN\u00c7\u00c3O<\/h3>\t\t<\/div>\n\t\t\t\t<\/div>\n\t\t\t\t<div class=\"elementor-element elementor-element-2f1c486 elementor-hidden-desktop elementor-hidden-tablet elementor-hidden-phone elementor-widget elementor-widget-text-editor\" data-id=\"2f1c486\" data-element_type=\"widget\" data-widget_type=\"text-editor.default\">\n\t\t\t\t<div class=\"elementor-widget-container\">\n\t\t\t\t\t\t\t<p><span style=\"font-weight: 400;\">Aos participantes que queiram submeter suas propostas de trabalhos,\u00a0dever\u00e3o se inscrever na categoria adequada, baixar e seguir o modelo de <\/span><i><span style=\"font-weight: 400;\">template<\/span><\/i><span style=\"font-weight: 400;\"> de apresenta\u00e7\u00e3o e submeter seu documento para aprova\u00e7\u00e3o ao e-mail: <\/span><a href=\"mailto:seminario.pesquisa@uniandrade.edu.br\"><span style=\"font-weight: 400;\"><strong>seminario.pesquisa@uniandrade.edu.br<\/strong><\/span><\/a><span style=\"font-weight: 400;\"> de <\/span><span style=\"font-weight: 400;\">10 de julho a 10 de setembro<\/span><span style=\"font-weight: 400;\">.<\/span><\/p>\t\t\t\t\t\t<\/div>\n\t\t\t\t<\/div>\n\t\t\t\t<div class=\"elementor-element elementor-element-c2c914f elementor-widget elementor-widget-text-editor\" data-id=\"c2c914f\" data-element_type=\"widget\" data-widget_type=\"text-editor.default\">\n\t\t\t\t<div class=\"elementor-widget-container\">\n\t\t\t\t\t\t\t<p><span style=\"font-weight: 400;\">Para se inscrever no evento com submiss\u00e3o de trabalho ser\u00e1 necess\u00e1rio preencher o form no link <\/span><a href=\"https:\/\/forms.gle\/HoU4KNbKLZxJUD1Q7\"><span style=\"font-weight: 400;\">https:\/\/forms.gle\/HoU4KNbKLZxJUD1Q7<\/span><\/a><span style=\"font-weight: 400;\"> com: <\/span><\/p>\n<ul>\n<li style=\"font-weight: 400;\" aria-level=\"5\"><span style=\"font-weight: 400;\">nome completo e o nome do orientador do trabalho;<\/span><\/li>\n<li style=\"font-weight: 400;\" aria-level=\"5\"><span style=\"font-weight: 400;\">filia\u00e7\u00e3o acad\u00eamica (sigla da institui\u00e7\u00e3o, em mai\u00fasculas, entre par\u00eanteses);<\/span><\/li>\n<li style=\"font-weight: 400;\" aria-level=\"5\"><span style=\"font-weight: 400;\">t\u00edtulo da comunica\u00e7\u00e3o, o qual deve estar dentro dos temas listados para o evento;<\/span><\/li>\n<li aria-level=\"5\"><span style=\"font-weight: 400;\">Resumo de 100 a 150 palavras sintetizando o tema a ser abordado, os objetivos e o referencial te\u00f3rico a ser utilizado. <\/span><\/li>\n<li style=\"font-weight: 400;\" aria-level=\"5\"><span style=\"font-weight: 400;\">Tamb\u00e9m devem ser informados de 4 a 6 palavras-chave que apresentem os principais conceitos a serem abordados no trabalho, al\u00e9m da linha de pesquisa e do projeto de pesquisa ao qual o trabalho se vincula. <\/span><\/li>\n<li style=\"font-weight: 400;\" aria-level=\"5\"><span style=\"font-weight: 400;\">O prazo para as inscri\u00e7\u00f5es com apresenta\u00e7\u00f5es de trabalhos em todas as modalidades \u00e9 de 01 de julho a 15 de setembro de 2022. Para as inscri\u00e7\u00f5es sem apresenta\u00e7\u00e3o de trabalhos em todas as modalidades o prazo \u00e9 de 01 de julho a 30 de setembro de 2022.<\/span><\/li>\n<\/ul>\t\t\t\t\t\t<\/div>\n\t\t\t\t<\/div>\n\t\t\t\t<div class=\"elementor-element elementor-element-9469c21 elementor-align-center elementor-hidden-desktop elementor-hidden-tablet elementor-hidden-phone elementor-widget elementor-widget-button\" data-id=\"9469c21\" data-element_type=\"widget\" data-widget_type=\"button.default\">\n\t\t\t\t<div class=\"elementor-widget-container\">\n\t\t\t\t\t<div class=\"elementor-button-wrapper\">\n\t\t\t<a class=\"elementor-button elementor-button-link elementor-size-sm\" href=\"https:\/\/uniandrade.br\/seminario\/wp-content\/uploads\/sites\/2\/2020\/07\/Template-de-apresenta_ficha-submissao-trabalhos.docx\" target=\"_blank\">\n\t\t\t\t\t\t<span class=\"elementor-button-content-wrapper\">\n\t\t\t\t\t\t\t\t\t<span class=\"elementor-button-text\">TEMPLATE DE APRESENTA\u00c7\u00c3O<\/span>\n\t\t\t\t\t<\/span>\n\t\t\t\t\t<\/a>\n\t\t<\/div>\n\t\t\t\t<\/div>\n\t\t\t\t<\/div>\n\t\t\t\t<section class=\"elementor-section elementor-inner-section elementor-element elementor-element-9686be3 elementor-section-boxed elementor-section-height-default elementor-section-height-default\" data-id=\"9686be3\" data-element_type=\"section\">\n\t\t\t\t\t\t<div class=\"elementor-container elementor-column-gap-default\">\n\t\t\t\t\t<div class=\"elementor-column elementor-col-100 elementor-inner-column elementor-element elementor-element-0639862\" data-id=\"0639862\" data-element_type=\"column\">\n\t\t\t<div class=\"elementor-widget-wrap elementor-element-populated\">\n\t\t\t\t\t\t<div class=\"elementor-element elementor-element-dd16981 elementor-align-left elementor-widget__width-auto elementor-hidden-desktop elementor-hidden-tablet elementor-hidden-mobile elementor-widget elementor-widget-button\" data-id=\"dd16981\" data-element_type=\"widget\" data-widget_type=\"button.default\">\n\t\t\t\t<div class=\"elementor-widget-container\">\n\t\t\t\t\t<div class=\"elementor-button-wrapper\">\n\t\t\t<a class=\"elementor-button elementor-button-link elementor-size-md\" href=\"https:\/\/uniandrade.br\/seminario\/simposio\/\">\n\t\t\t\t\t\t<span class=\"elementor-button-content-wrapper\">\n\t\t\t\t\t\t\t\t\t<span class=\"elementor-button-text\">Temas do evento<\/span>\n\t\t\t\t\t<\/span>\n\t\t\t\t\t<\/a>\n\t\t<\/div>\n\t\t\t\t<\/div>\n\t\t\t\t<\/div>\n\t\t\t\t<div class=\"elementor-element elementor-element-b0a8f8e elementor-align-left elementor-widget__width-auto elementor-widget elementor-widget-button\" data-id=\"b0a8f8e\" data-element_type=\"widget\" data-widget_type=\"button.default\">\n\t\t\t\t<div class=\"elementor-widget-container\">\n\t\t\t\t\t<div class=\"elementor-button-wrapper\">\n\t\t\t<a class=\"elementor-button elementor-button-link elementor-size-md\" href=\"https:\/\/uniandrade.br\/seminario\/submissao-de-trabalhos\/\" target=\"_blank\">\n\t\t\t\t\t\t<span class=\"elementor-button-content-wrapper\">\n\t\t\t\t\t\t\t\t\t<span class=\"elementor-button-text\">Submiss\u00e3o de Trabalhos<\/span>\n\t\t\t\t\t<\/span>\n\t\t\t\t\t<\/a>\n\t\t<\/div>\n\t\t\t\t<\/div>\n\t\t\t\t<\/div>\n\t\t\t\t\t<\/div>\n\t\t<\/div>\n\t\t\t\t\t<\/div>\n\t\t<\/section>\n\t\t\t\t<div class=\"elementor-element elementor-element-d60956c elementor-widget elementor-widget-heading\" data-id=\"d60956c\" data-element_type=\"widget\" data-widget_type=\"heading.default\">\n\t\t\t\t<div class=\"elementor-widget-container\">\n\t\t\t<h3 class=\"elementor-heading-title elementor-size-default\">INFORMA\u00c7\u00d5ES IMPORTANTES<\/h3>\t\t<\/div>\n\t\t\t\t<\/div>\n\t\t\t\t<div class=\"elementor-element elementor-element-ec9bb0c elementor-align-left elementor-icon-list--layout-traditional elementor-list-item-link-full_width elementor-widget elementor-widget-icon-list\" data-id=\"ec9bb0c\" data-element_type=\"widget\" data-widget_type=\"icon-list.default\">\n\t\t\t\t<div class=\"elementor-widget-container\">\n\t\t\t\t\t<ul class=\"elementor-icon-list-items\">\n\t\t\t\t\t\t\t<li class=\"elementor-icon-list-item\">\n\t\t\t\t\t\t\t\t\t\t\t<span class=\"elementor-icon-list-icon\">\n\t\t\t\t\t\t\t<i aria-hidden=\"true\" class=\"fas fa-check\"><\/i>\t\t\t\t\t\t<\/span>\n\t\t\t\t\t\t\t\t\t\t<span class=\"elementor-icon-list-text\">N\u00e3o ser\u00e3o aceitas inscri\u00e7\u00f5es por e-mail e nem pela plataforma Sympla, cujo link, especificado abaixo, se destina apenas ao pagamento das inscri\u00e7\u00f5es.<\/span>\n\t\t\t\t\t\t\t\t\t<\/li>\n\t\t\t\t\t\t\t\t<li class=\"elementor-icon-list-item\">\n\t\t\t\t\t\t\t\t\t\t\t<span class=\"elementor-icon-list-icon\">\n\t\t\t\t\t\t\t<i aria-hidden=\"true\" class=\"fas fa-check\"><\/i>\t\t\t\t\t\t<\/span>\n\t\t\t\t\t\t\t\t\t\t<span class=\"elementor-icon-list-text\">Caso o participante opte por apresentar dois trabalhos, dois formul\u00e1rios dever\u00e3o ser enviados com as informa\u00e7\u00f5es correspondentes.<\/span>\n\t\t\t\t\t\t\t\t\t<\/li>\n\t\t\t\t\t\t\t\t<li class=\"elementor-icon-list-item\">\n\t\t\t\t\t\t\t\t\t\t\t<span class=\"elementor-icon-list-icon\">\n\t\t\t\t\t\t\t<i aria-hidden=\"true\" class=\"fas fa-check\"><\/i>\t\t\t\t\t\t<\/span>\n\t\t\t\t\t\t\t\t\t\t<span class=\"elementor-icon-list-text\">Os aceites dos trabalhos ser\u00e3o enviados at\u00e9 23 de setembro.<\/span>\n\t\t\t\t\t\t\t\t\t<\/li>\n\t\t\t\t\t\t<\/ul>\n\t\t\t\t<\/div>\n\t\t\t\t<\/div>\n\t\t\t\t<section class=\"elementor-section elementor-inner-section elementor-element elementor-element-961d0cb elementor-section-boxed elementor-section-height-default elementor-section-height-default\" data-id=\"961d0cb\" data-element_type=\"section\">\n\t\t\t\t\t\t<div class=\"elementor-container elementor-column-gap-default\">\n\t\t\t\t\t<div class=\"elementor-column elementor-col-100 elementor-inner-column elementor-element elementor-element-bac1694\" data-id=\"bac1694\" data-element_type=\"column\">\n\t\t\t<div class=\"elementor-widget-wrap elementor-element-populated\">\n\t\t\t\t\t\t<div class=\"elementor-element elementor-element-903fb57 elementor-align-right elementor-widget__width-auto elementor-widget elementor-widget-button\" data-id=\"903fb57\" data-element_type=\"widget\" data-widget_type=\"button.default\">\n\t\t\t\t<div class=\"elementor-widget-container\">\n\t\t\t\t\t<div class=\"elementor-button-wrapper\">\n\t\t\t<a class=\"elementor-button elementor-button-link elementor-size-md\" href=\"https:\/\/uniandrade.br\/seminario\/regulamento\/\">\n\t\t\t\t\t\t<span class=\"elementor-button-content-wrapper\">\n\t\t\t\t\t\t<span class=\"elementor-button-icon elementor-align-icon-left\">\n\t\t\t\t<i aria-hidden=\"true\" class=\"fas fa-cloud-download-alt\"><\/i>\t\t\t<\/span>\n\t\t\t\t\t\t\t\t\t<span class=\"elementor-button-text\">REGULAMENTO<\/span>\n\t\t\t\t\t<\/span>\n\t\t\t\t\t<\/a>\n\t\t<\/div>\n\t\t\t\t<\/div>\n\t\t\t\t<\/div>\n\t\t\t\t<div class=\"elementor-element elementor-element-0e4c764 elementor-align-left elementor-widget__width-auto elementor-widget elementor-widget-button\" data-id=\"0e4c764\" data-element_type=\"widget\" data-widget_type=\"button.default\">\n\t\t\t\t<div class=\"elementor-widget-container\">\n\t\t\t\t\t<div class=\"elementor-button-wrapper\">\n\t\t\t<a class=\"elementor-button elementor-button-link elementor-size-md\" href=\"https:\/\/uniandrade.br\/seminario\/inscreva-se\/\">\n\t\t\t\t\t\t<span class=\"elementor-button-content-wrapper\">\n\t\t\t\t\t\t\t\t\t<span class=\"elementor-button-text\">INSCREVA-SE<\/span>\n\t\t\t\t\t<\/span>\n\t\t\t\t\t<\/a>\n\t\t<\/div>\n\t\t\t\t<\/div>\n\t\t\t\t<\/div>\n\t\t\t\t\t<\/div>\n\t\t<\/div>\n\t\t\t\t\t<\/div>\n\t\t<\/section>\n\t\t\t\t\t<\/div>\n\t\t<\/div>\n\t\t\t\t\t<\/div>\n\t\t<\/section>\n\t\t\t\t<\/div>\n\t\t","protected":false},"excerpt":{"rendered":"<p>IV ENCONTRO INTERNACIONAL XIV SEMIN\u00c1RIO DE PESQUISA O XIV SEMIN\u00c1RIO DE PESQUISA e IV ENCONTRO INTERNACIONAL s\u00e3o promo\u00e7\u00f5es do Programa de P\u00f3s-Gradua\u00e7\u00e3o em Teoria Liter\u00e1ria do Centro Universit\u00e1rio Campos de Andrade \u2013 UNIANDRADE. O evento ser\u00e1 realizado em l\u00edngua portuguesa e contar\u00e1 com palestras, mesas-redondas, simp\u00f3sios, sess\u00f5es de comunica\u00e7\u00f5es coordenadas e individuais e oficinas a\u00a0serem [&hellip;]<\/p>\n","protected":false},"author":55,"featured_media":0,"parent":0,"menu_order":0,"comment_status":"closed","ping_status":"closed","template":"elementor_header_footer","meta":{"footnotes":""},"_links":{"self":[{"href":"https:\/\/uniandrade.br\/seminario\/wp-json\/wp\/v2\/pages\/101"}],"collection":[{"href":"https:\/\/uniandrade.br\/seminario\/wp-json\/wp\/v2\/pages"}],"about":[{"href":"https:\/\/uniandrade.br\/seminario\/wp-json\/wp\/v2\/types\/page"}],"author":[{"embeddable":true,"href":"https:\/\/uniandrade.br\/seminario\/wp-json\/wp\/v2\/users\/55"}],"replies":[{"embeddable":true,"href":"https:\/\/uniandrade.br\/seminario\/wp-json\/wp\/v2\/comments?post=101"}],"version-history":[{"count":0,"href":"https:\/\/uniandrade.br\/seminario\/wp-json\/wp\/v2\/pages\/101\/revisions"}],"wp:attachment":[{"href":"https:\/\/uniandrade.br\/seminario\/wp-json\/wp\/v2\/media?parent=101"}],"curies":[{"name":"wp","href":"https:\/\/api.w.org\/{rel}","templated":true}]}}